{"id":910,"date":"2022-07-04T22:47:20","date_gmt":"2022-07-04T20:47:20","guid":{"rendered":"https:\/\/tischtennis-alemannia.de\/?page_id=910"},"modified":"2025-07-08T22:18:34","modified_gmt":"2025-07-08T20:18:34","slug":"impressum","status":"publish","type":"page","link":"https:\/\/tischtennis-alemannia.de\/en\/impressum\/","title":{"rendered":"Impressum"},"content":{"rendered":"<div data-elementor-type=\"wp-page\" data-elementor-id=\"910\" class=\"elementor elementor-910\">\n\t\t\t\t\t\t<section class=\"elementor-section elementor-top-section elementor-element elementor-element-6fd0219 elementor-section-boxed elementor-section-height-default elementor-section-height-default\" data-id=\"6fd0219\" data-element_type=\"section\" data-e-type=\"section\">\n\t\t\t\t\t\t<div class=\"elementor-container elementor-column-gap-default\">\n\t\t\t\t\t<div class=\"elementor-column elementor-col-100 elementor-top-column elementor-element elementor-element-2bb6326\" data-id=\"2bb6326\" data-element_type=\"column\" data-e-type=\"column\">\n\t\t\t<div class=\"elementor-widget-wrap elementor-element-populated\">\n\t\t\t\t\t\t<div class=\"elementor-element elementor-element-4735caf elementor-widget elementor-widget-ucaddon_custom_heading\" data-id=\"4735caf\" data-element_type=\"widget\" data-e-type=\"widget\" data-widget_type=\"ucaddon_custom_heading.default\">\n\t\t\t\t<div class=\"elementor-widget-container\">\n\t\t\t\t\t\n<!-- start Custom Heading -->\n<style>\/* widget: Custom Heading *\/\n\n#uc_custom_heading_elementor_4735caf {\n\tpadding:px 0 px px;\n  \tdisplay:inline-block;\n  \tmargin:0;\n}\n#uc_custom_heading_elementor_4735caf:after {\n  content:\"\";\n  height:3px;\n\tbackground-image: linear-gradient(to right, #000000 , #CFCFCF);\n  transform:skew(-35deg,0deg);\n  opacity:1 !important;\n  width:100%;\n  position:relative;\n  left:1px;\n  bottom:9px;\n  box-sizing: border-box;\n  display:block;\n  \n}\n#uc_custom_heading_elementor_4735caf {\n\tcolor: #000000 !important;\n  \n}\n\n<\/style>\n\n<p id=\"uc_custom_heading_elementor_4735caf\" class=\"show_desktop customheadingtypo\"> Impressum TSV Alemannia Aachen - Abteilung Tischtennis <\/p>\n\n\t<p id=\"uc_custom_heading_elementor_4735caf\" class=\"show_mobile customheadingtypo\"> Impressum TSV Alemannia Aachen - Abteilung Tischtennis <\/p>\n\n\t\n\n\t<p id=\"uc_custom_heading_elementor_4735caf\" class=\"show_tablet customheadingtypo\"> Impressum TSV Alemannia Aachen - Abteilung Tischtennis <\/p>\n\n\n<!--show_* classes are only shown at the correct end device, is controlled per custom code in Custom CSS & JS-->\n<!-- end Custom Heading -->\t\t\t\t<\/div>\n\t\t\t\t<\/div>\n\t\t\t\t\t<\/div>\n\t\t<\/div>\n\t\t\t\t\t<\/div>\n\t\t<\/section>\n\t\t\t\t<section class=\"elementor-section elementor-top-section elementor-element elementor-element-a501eee elementor-section-boxed elementor-section-height-default elementor-section-height-default\" data-id=\"a501eee\" data-element_type=\"section\" data-e-type=\"section\">\n\t\t\t\t\t\t<div class=\"elementor-container elementor-column-gap-default\">\n\t\t\t\t\t<div class=\"elementor-column elementor-col-100 elementor-top-column elementor-element elementor-element-2f8d5e6\" data-id=\"2f8d5e6\" data-element_type=\"column\" data-e-type=\"column\">\n\t\t\t<div class=\"elementor-widget-wrap elementor-element-populated\">\n\t\t\t\t\t\t<section class=\"elementor-section elementor-inner-section elementor-element elementor-element-8e92b52 elementor-section-boxed elementor-section-height-default elementor-section-height-default\" data-id=\"8e92b52\" data-element_type=\"section\" data-e-type=\"section\">\n\t\t\t\t\t\t<div class=\"elementor-container elementor-column-gap-default\">\n\t\t\t\t\t<div class=\"elementor-column elementor-col-50 elementor-inner-column elementor-element elementor-element-40cb9ca\" data-id=\"40cb9ca\" data-element_type=\"column\" data-e-type=\"column\">\n\t\t\t<div class=\"elementor-widget-wrap elementor-element-populated\">\n\t\t\t\t\t\t<div class=\"elementor-element elementor-element-474526b elementor-widget elementor-widget-text-editor\" data-id=\"474526b\" data-element_type=\"widget\" data-e-type=\"widget\" data-widget_type=\"text-editor.default\">\n\t\t\t\t<div class=\"elementor-widget-container\">\n\t\t\t\t\t\t\t\t\t<p><strong><u>Angaben gem\u00e4\u00df \u00a7 5 TMG<\/u><\/strong><\/p><p>TSV Alemannia Aachen<br \/>Table tennis department<br \/>Krefelderstr. 205<br \/>52070 Aachen<\/p><p><strong><u>Vertreten durch den Vorstand:<\/u><\/strong><\/p><p>Bj\u00f6rn Jansen (Pr\u00e4sident)<br \/>Andreas G\u00f6rtges (Vizepr\u00e4sident)<br \/>Manuel Pozo (Schatzmeister)<\/p><p><strong><u>Kontakt Tischtennisabteilung:<\/u><\/strong><\/p><p>Eckhard Kleine<br \/>Telefon: +49 \/ 175 \/ 4133362<br \/>E-Mail: eckhardkleine@gmx.net<\/p><p><strong><u>Redaktion<\/u><\/strong><strong><u>:<\/u><\/strong><\/p><p>Simon Wilmes<br \/>Tobias Hins<\/p>\t\t\t\t\t\t\t\t<\/div>\n\t\t\t\t<\/div>\n\t\t\t\t\t<\/div>\n\t\t<\/div>\n\t\t\t\t<div class=\"elementor-column elementor-col-50 elementor-inner-column elementor-element elementor-element-959f994\" data-id=\"959f994\" data-element_type=\"column\" data-e-type=\"column\">\n\t\t\t<div class=\"elementor-widget-wrap elementor-element-populated\">\n\t\t\t\t\t\t<div class=\"elementor-element elementor-element-d28649c elementor-widget elementor-widget-text-editor\" data-id=\"d28649c\" data-element_type=\"widget\" data-e-type=\"widget\" data-widget_type=\"text-editor.default\">\n\t\t\t\t<div class=\"elementor-widget-container\">\n\t\t\t\t\t\t\t\t\t<p><strong><u>Registereintrag:<\/u><\/strong><\/p><p>Eintragung im Vereinsregister.<br \/>Registergericht: Finanzamt Aachen<br \/>Registernummer: 1171<\/p><p><strong><u>Umsatzsteuer:<\/u><\/strong><\/p><p>Umsatzsteuer-Identifikationsnummer gem\u00e4\u00df \u00a727 a<br \/>Umsatzsteuergesetz:\u00a0\u00a0 DE121684348<\/p><p><strong><u>Verantwortlich f\u00fcr den Inhalt nach \u00a7 18 II MStV:<\/u><\/strong><\/p><p>TSV Alemannia Aachen<br \/>Table tennis department<br \/>Abteilungsleiter: Eckhard Kleine<br \/>Krefelderstr. 205<br \/>52070 Aachen<\/p><p>S\u00e4mtliche Rechte an den Inhalten dieser Webseiten liegen bei der TSV Alemannia Aachen &#8211; Abteilung Tischtennis. Alle Rechte bleiben vorbehalten. Vervielf\u00e4ltigung im Ganzen oder in Teilen ist ohne ausdr\u00fcckliche Einwilligung von Alemannia Aachen &#8211; Abteilung Tischtennis in jeglicher Form auf jedem Medium verboten.<\/p>\t\t\t\t\t\t\t\t<\/div>\n\t\t\t\t<\/div>\n\t\t\t\t\t<\/div>\n\t\t<\/div>\n\t\t\t\t\t<\/div>\n\t\t<\/section>\n\t\t\t\t<div class=\"elementor-element elementor-element-85df07a elementor-widget elementor-widget-text-editor\" data-id=\"85df07a\" data-element_type=\"widget\" data-e-type=\"widget\" data-widget_type=\"text-editor.default\">\n\t\t\t\t<div class=\"elementor-widget-container\">\n\t\t\t\t\t\t\t\t\t<p><strong><u>Streitschlichtung:<\/u><\/strong><\/p><p>Wir sind nicht bereit oder verpflichtet, an Streitbeilegungsverfahren vor einer Verbraucherschlichtungsstelle teilzunehmen.<\/p><p><strong><u>Haftung f\u00fcr Inhalte:<\/u><\/strong><\/p><p>Als Diensteanbieter sind wir gem\u00e4\u00df \u00a7 7 Abs.1 TMG f\u00fcr eigene Inhalte auf diesen Seiten nach den allgemeinen Gesetzen verantwortlich. Nach \u00a7\u00a7 8 bis 10 TMG sind wir als Diensteanbieter jedoch nicht verpflichtet, \u00fcbermittelte oder gespeicherte fremde Informationen zu \u00fcberwachen oder nach Umst\u00e4nden zu forschen, die auf eine rechtswidrige T\u00e4tigkeit hinweisen.<\/p><p>Verpflichtungen zur Entfernung oder Sperrung der Nutzung von Informationen nach den allgemeinen Gesetzen bleiben hiervon unber\u00fchrt. Eine diesbez\u00fcgliche Haftung ist jedoch erst ab dem Zeitpunkt der Kenntnis einer konkreten Rechtsverletzung m\u00f6glich. Bei Bekanntwerden von entsprechenden Rechtsverletzungen werden wir diese Inhalte umgehend entfernen.<\/p><p><strong><u>Haftung f\u00fcr Links:<\/u><\/strong><\/p><p>Unser Angebot enth\u00e4lt Links zu externen Websites Dritter, auf deren Inhalte wir keinen Einfluss haben. Deshalb k\u00f6nnen wir f\u00fcr diese fremden Inhalte auch keine Gew\u00e4hr \u00fcbernehmen. F\u00fcr die Inhalte der verlinkten Seiten ist stets der jeweilige Anbieter oder Betreiber der Seiten verantwortlich. Die verlinkten Seiten wurden zum Zeitpunkt der Verlinkung auf m\u00f6gliche Rechtsverst\u00f6\u00dfe \u00fcberpr\u00fcft. Rechtswidrige Inhalte waren zum Zeitpunkt der Verlinkung nicht erkennbar.<\/p><p>Eine permanente inhaltliche Kontrolle der verlinkten Seiten ist jedoch ohne konkrete Anhaltspunkte einer Rechtsverletzung nicht zumutbar. Bei Bekanntwerden von Rechtsverletzungen werden wir derartige Links umgehend entfernen.<\/p><p><strong><u>Urheberrecht:<\/u><\/strong><\/p><p>Die durch die Seitenbetreiber erstellten Inhalte und Werke auf diesen Seiten unterliegen dem deutschen Urheberrecht. Die Vervielf\u00e4ltigung, Bearbeitung, Verbreitung und jede Art der Verwertung au\u00dferhalb der Grenzen des Urheberrechtes bed\u00fcrfen der schriftlichen Zustimmung des jeweiligen Autors bzw. Erstellers. Downloads und Kopien dieser Seite sind nur f\u00fcr den privaten, nicht kommerziellen Gebrauch gestattet.<\/p><p>Soweit die Inhalte auf dieser Seite nicht vom Betreiber erstellt wurden, werden die Urheberrechte Dritter beachtet. Insbesondere werden Inhalte Dritter als solche gekennzeichnet. Sollten Sie trotzdem auf eine Urheberrechtsverletzung aufmerksam werden, bitten wir um einen entsprechenden Hinweis. Bei Bekanntwerden von Rechtsverletzungen werden wir derartige Inhalte umgehend entfernen.<\/p>\t\t\t\t\t\t\t\t<\/div>\n\t\t\t\t<\/div>\n\t\t\t\t\t<\/div>\n\t\t<\/div>\n\t\t\t\t\t<\/div>\n\t\t<\/section>\n\t\t\t\t<\/div>","protected":false},"excerpt":{"rendered":"<p>Impressum TSV Alemannia Aachen &#8211; Abteilung Tischtennis Impressum TSV Alemannia Aachen &#8211; Abteilung Tischtennis Impressum TSV Alemannia Aachen &#8211; Abteilung Tischtennis Angaben gem\u00e4\u00df \u00a7 5&hellip;<\/p>","protected":false},"author":1,"featured_media":0,"parent":0,"menu_order":0,"comment_status":"closed","ping_status":"closed","template":"","meta":{"inline_featured_image":false,"footnotes":""},"class_list":["post-910","page","type-page","status-publish","hentry"],"yoast_head":"<!-- This site is optimized with the Yoast SEO plugin v24.6 - https:\/\/yoast.com\/wordpress\/plugins\/seo\/ -->\n<title>Impressum - Alemannia Aachen<\/title>\n<meta name=\"robots\" content=\"index, follow, max-snippet:-1, max-image-preview:large, max-video-preview:-1\" \/>\n<link rel=\"canonical\" href=\"https:\/\/tischtennis-alemannia.de\/en\/impressum\/\" \/>\n<meta property=\"og:locale\" content=\"en_GB\" \/>\n<meta property=\"og:type\" content=\"article\" \/>\n<meta property=\"og:title\" content=\"Impressum - Alemannia Aachen\" \/>\n<meta property=\"og:description\" content=\"Impressum TSV Alemannia Aachen &#8211; Abteilung Tischtennis Impressum TSV Alemannia Aachen &#8211; Abteilung Tischtennis Impressum TSV Alemannia Aachen &#8211; Abteilung Tischtennis Angaben gem\u00e4\u00df \u00a7 5&hellip;\" \/>\n<meta property=\"og:url\" content=\"https:\/\/tischtennis-alemannia.de\/en\/impressum\/\" \/>\n<meta property=\"og:site_name\" content=\"Alemannia Aachen\" \/>\n<meta property=\"article:modified_time\" content=\"2025-07-08T20:18:34+00:00\" \/>\n<meta name=\"twitter:card\" content=\"summary_large_image\" \/>\n<meta name=\"twitter:label1\" content=\"Estimated reading time\" \/>\n\t<meta name=\"twitter:data1\" content=\"2 minutes\" \/>\n<script type=\"application\/ld+json\" class=\"yoast-schema-graph\">{\"@context\":\"https:\/\/schema.org\",\"@graph\":[{\"@type\":\"WebPage\",\"@id\":\"https:\/\/tischtennis-alemannia.de\/impressum\/\",\"url\":\"https:\/\/tischtennis-alemannia.de\/impressum\/\",\"name\":\"Impressum - Alemannia Aachen\",\"isPartOf\":{\"@id\":\"https:\/\/tischtennis-alemannia.de\/#website\"},\"datePublished\":\"2022-07-04T20:47:20+00:00\",\"dateModified\":\"2025-07-08T20:18:34+00:00\",\"breadcrumb\":{\"@id\":\"https:\/\/tischtennis-alemannia.de\/impressum\/#breadcrumb\"},\"inLanguage\":\"en-GB\",\"potentialAction\":[{\"@type\":\"ReadAction\",\"target\":[\"https:\/\/tischtennis-alemannia.de\/impressum\/\"]}]},{\"@type\":\"BreadcrumbList\",\"@id\":\"https:\/\/tischtennis-alemannia.de\/impressum\/#breadcrumb\",\"itemListElement\":[{\"@type\":\"ListItem\",\"position\":1,\"name\":\"Startseite\",\"item\":\"https:\/\/tischtennis-alemannia.de\/\"},{\"@type\":\"ListItem\",\"position\":2,\"name\":\"Impressum\"}]},{\"@type\":\"WebSite\",\"@id\":\"https:\/\/tischtennis-alemannia.de\/#website\",\"url\":\"https:\/\/tischtennis-alemannia.de\/\",\"name\":\"Alemannia Aachen\",\"description\":\"Webseite der Alemannia Aachen: Abteilung Tischtennis\",\"publisher\":{\"@id\":\"https:\/\/tischtennis-alemannia.de\/#organization\"},\"potentialAction\":[{\"@type\":\"SearchAction\",\"target\":{\"@type\":\"EntryPoint\",\"urlTemplate\":\"https:\/\/tischtennis-alemannia.de\/?s={search_term_string}\"},\"query-input\":{\"@type\":\"PropertyValueSpecification\",\"valueRequired\":true,\"valueName\":\"search_term_string\"}}],\"inLanguage\":\"en-GB\"},{\"@type\":\"Organization\",\"@id\":\"https:\/\/tischtennis-alemannia.de\/#organization\",\"name\":\"Alemannia Aachen\",\"url\":\"https:\/\/tischtennis-alemannia.de\/\",\"logo\":{\"@type\":\"ImageObject\",\"inLanguage\":\"en-GB\",\"@id\":\"https:\/\/tischtennis-alemannia.de\/#\/schema\/logo\/image\/\",\"url\":\"https:\/\/tischtennis-alemannia.de\/wp-content\/uploads\/2022\/03\/Alemannia_Aachen_2010.svg.png\",\"contentUrl\":\"https:\/\/tischtennis-alemannia.de\/wp-content\/uploads\/2022\/03\/Alemannia_Aachen_2010.svg.png\",\"width\":800,\"height\":949,\"caption\":\"Alemannia Aachen\"},\"image\":{\"@id\":\"https:\/\/tischtennis-alemannia.de\/#\/schema\/logo\/image\/\"}}]}<\/script>\n<!-- \/ Yoast SEO plugin. -->","yoast_head_json":{"title":"Impressum - Alemannia Aachen","robots":{"index":"index","follow":"follow","max-snippet":"max-snippet:-1","max-image-preview":"max-image-preview:large","max-video-preview":"max-video-preview:-1"},"canonical":"https:\/\/tischtennis-alemannia.de\/en\/impressum\/","og_locale":"en_GB","og_type":"article","og_title":"Impressum - Alemannia Aachen","og_description":"Impressum TSV Alemannia Aachen &#8211; Abteilung Tischtennis Impressum TSV Alemannia Aachen &#8211; Abteilung Tischtennis Impressum TSV Alemannia Aachen &#8211; Abteilung Tischtennis Angaben gem\u00e4\u00df \u00a7 5&hellip;","og_url":"https:\/\/tischtennis-alemannia.de\/en\/impressum\/","og_site_name":"Alemannia Aachen","article_modified_time":"2025-07-08T20:18:34+00:00","twitter_card":"summary_large_image","twitter_misc":{"Estimated reading time":"2 minutes"},"schema":{"@context":"https:\/\/schema.org","@graph":[{"@type":"WebPage","@id":"https:\/\/tischtennis-alemannia.de\/impressum\/","url":"https:\/\/tischtennis-alemannia.de\/impressum\/","name":"Impressum - Alemannia Aachen","isPartOf":{"@id":"https:\/\/tischtennis-alemannia.de\/#website"},"datePublished":"2022-07-04T20:47:20+00:00","dateModified":"2025-07-08T20:18:34+00:00","breadcrumb":{"@id":"https:\/\/tischtennis-alemannia.de\/impressum\/#breadcrumb"},"inLanguage":"en-GB","potentialAction":[{"@type":"ReadAction","target":["https:\/\/tischtennis-alemannia.de\/impressum\/"]}]},{"@type":"BreadcrumbList","@id":"https:\/\/tischtennis-alemannia.de\/impressum\/#breadcrumb","itemListElement":[{"@type":"ListItem","position":1,"name":"Startseite","item":"https:\/\/tischtennis-alemannia.de\/"},{"@type":"ListItem","position":2,"name":"Impressum"}]},{"@type":"WebSite","@id":"https:\/\/tischtennis-alemannia.de\/#website","url":"https:\/\/tischtennis-alemannia.de\/","name":"Alemannia Aachen","description":"Webseite of Alemannia Aachen: Division Tabletennis","publisher":{"@id":"https:\/\/tischtennis-alemannia.de\/#organization"},"potentialAction":[{"@type":"SearchAction","target":{"@type":"EntryPoint","urlTemplate":"https:\/\/tischtennis-alemannia.de\/?s={search_term_string}"},"query-input":{"@type":"PropertyValueSpecification","valueRequired":true,"valueName":"search_term_string"}}],"inLanguage":"en-GB"},{"@type":"Organization","@id":"https:\/\/tischtennis-alemannia.de\/#organization","name":"Alemannia Aachen","url":"https:\/\/tischtennis-alemannia.de\/","logo":{"@type":"ImageObject","inLanguage":"en-GB","@id":"https:\/\/tischtennis-alemannia.de\/#\/schema\/logo\/image\/","url":"https:\/\/tischtennis-alemannia.de\/wp-content\/uploads\/2022\/03\/Alemannia_Aachen_2010.svg.png","contentUrl":"https:\/\/tischtennis-alemannia.de\/wp-content\/uploads\/2022\/03\/Alemannia_Aachen_2010.svg.png","width":800,"height":949,"caption":"Alemannia Aachen"},"image":{"@id":"https:\/\/tischtennis-alemannia.de\/#\/schema\/logo\/image\/"}}]}},"calendar_last_updated":"","rttpg_featured_image_url":null,"rttpg_author":{"display_name":"simonwilmes","author_link":"https:\/\/tischtennis-alemannia.de\/en\/author\/simonwilmes\/"},"rttpg_comment":0,"rttpg_category":null,"rttpg_excerpt":"Impressum TSV Alemannia Aachen &#8211; Abteilung Tischtennis Impressum TSV Alemannia Aachen &#8211; Abteilung Tischtennis Impressum TSV Alemannia Aachen &#8211; Abteilung Tischtennis Angaben gem\u00e4\u00df \u00a7 5&hellip;","_links":{"self":[{"href":"https:\/\/tischtennis-alemannia.de\/en\/wp-json\/wp\/v2\/pages\/910","targetHints":{"allow":["GET"]}}],"collection":[{"href":"https:\/\/tischtennis-alemannia.de\/en\/wp-json\/wp\/v2\/pages"}],"about":[{"href":"https:\/\/tischtennis-alemannia.de\/en\/wp-json\/wp\/v2\/types\/page"}],"author":[{"embeddable":true,"href":"https:\/\/tischtennis-alemannia.de\/en\/wp-json\/wp\/v2\/users\/1"}],"replies":[{"embeddable":true,"href":"https:\/\/tischtennis-alemannia.de\/en\/wp-json\/wp\/v2\/comments?post=910"}],"version-history":[{"count":28,"href":"https:\/\/tischtennis-alemannia.de\/en\/wp-json\/wp\/v2\/pages\/910\/revisions"}],"predecessor-version":[{"id":5237,"href":"https:\/\/tischtennis-alemannia.de\/en\/wp-json\/wp\/v2\/pages\/910\/revisions\/5237"}],"wp:attachment":[{"href":"https:\/\/tischtennis-alemannia.de\/en\/wp-json\/wp\/v2\/media?parent=910"}],"curies":[{"name":"wp","href":"https:\/\/api.w.org\/{rel}","templated":true}]}}